{"id":2,"date":"2017-03-24T14:39:42","date_gmt":"2017-03-24T13:39:42","guid":{"rendered":"http:\/\/konvalinka.org\/?page_id=2"},"modified":"2024-03-07T10:11:23","modified_gmt":"2024-03-07T09:11:23","slug":"zkusebni-stranka","status":"publish","type":"page","link":"https:\/\/konvalinka.org\/","title":{"rendered":"\u00davodem"},"content":{"rendered":"<p>V\u00edt\u00e1m v\u00e1s ve sv\u00e9m osobn\u00edm webu, kde v\u00e1m chci poodkr\u00fdt v\u011bci, kter\u00e9 m\u011b bav\u00ed, l\u00edb\u00ed se mi a napl\u0148uj\u00ed m\u011b. Z toho je asi patrn\u00e9, \u017ee hlavn\u00ed n\u00e1pln\u00ed str\u00e1nek budou m\u00e9 z\u00e1jmy a aktivity, kter\u00fdm se sna\u017e\u00edm, pokud to \u010das dovol\u00ed, v\u011bnovat. Je sice pravdou, \u017ee voln\u00e9ho \u010dasu m\u00e1m posledn\u00ed roky velmi m\u00e1lo, na druhou stranu jsem se nau\u010dil ty chvilky volna naprosto u\u017e\u00edvat.<\/p>\n<p>V kr\u00e1tkosti o m\u00e9 osob\u011b.<\/p>\n<blockquote><p>Ji\u0159\u00ed Konvalinka, PhDr., absolvent Univerzity Karlovy, pedagog, del\u0161\u00ed dobu \u0159editel jedn\u00e9 v\u011bt\u0161\u00ed p\u0159\u00edsp\u011bvkov\u00e9 organizace na severu \u010cech.<\/p>\n<p>Milovn\u00edk hor, horsk\u00e9 turistiky, v\u00fdlet\u016f za pozn\u00e1n\u00edm, tzv. v\u00e1\u017en\u00e9 hudby v\u0161eobecn\u011b, ale t\u00e9\u017e velk\u00fdm fandou hudby filmov\u00e9 a sc\u00e9nick\u00e9 (zejm\u00e9na pak Ennia Morriconeho).<\/p>\n<p>Celo\u017eivotn\u00ed nad\u0161enec \u017eelezni\u010dn\u00ed dopravy, profiluj\u00edc\u00ed se do drah \u00fazkorozchodn\u00fdch, zejm\u00e9na poln\u00edch, lesn\u00edch a pr\u016fmyslov\u00fdch.<\/p>\n<p>Provozovatel men\u0161\u00ed d\u00edlny pro restaur\u00e1torskou \u010dinnost, zam\u011b\u0159enou na neziskov\u00e9 aktivity v oblasti renovac\u00ed technick\u00fdch pam\u00e1tek. Obdivovatel Muzea star\u00fdch stroj\u016f a technologi\u00ed v \u017damberku a &#8222;p\u0159\u00edle\u017eitostn\u00fd&#8220; oprav\u00e1\u0159 lokomotivn\u00edch d\u00edl\u016f :-).<\/p>\n<p>Oprav\u00e1\u0159 t\u0159ech lokomotiv, kter\u00fdm v\u011bnuje n\u011bhu a l\u00e1sku spolu s dal\u0161\u00edmi kamar\u00e1dy, kte\u0159\u00ed jsou podobn\u011b nalad\u011bni.<\/p>\n<p>P\u0159edseda spolku Ferrovia, z.s., Spole\u010dnosti pro zachov\u00e1n\u00ed technick\u00fdch pam\u00e1tek, kter\u00fd spojuje stejn\u011b sm\u00fd\u0161lej\u00edc\u00ed lidi.<\/p><\/blockquote>\n<p>Tento web se bude v\u011bnovat p\u0159edev\u0161\u00edm aktivit\u00e1m na poli \u00fazkorozchodn\u00fdch \u017eeleznic, a to jak trakce parn\u00ed, tak motorov\u00e9. Pokud si klade za c\u00edl n\u011bjakou my\u0161lenku \u010di odkaz, pak to, aby v\u00e1s inspiroval k zamy\u0161len\u00ed, \u017ee v\u011bci star\u00e9 a nepot\u0159ebn\u00e9, kter\u00fdm na\u0161i p\u0159edci v\u011bnovali bezpo\u010det p\u00edle a geni\u00e1ln\u00edch my\u0161lenek, si zaslou\u017e\u00ed obdiv a respekt. Za\u017eijte t\u00e9\u017e ten kr\u00e1sn\u00fd pocit &#8211; pomoci k nov\u00e9mu \u017eivotu d\u00e1vno zapomenut\u00fdm v\u011bcem, kter\u00e9 kdysi znamenaly vrchol in\u017een\u00fdrsk\u00e9ho umu. V\u011b\u0159te, \u017ee se z nich m\u00e1me i my co u\u010dit!<\/p>\n<p><em>P.S. Fotografie v z\u00e1hlav\u00ed tohoto webu nen\u00ed n\u00e1hodn\u00e1. K v\u00fdb\u011bru <a href=\"https:\/\/de.wikipedia.org\/wiki\/Krauss-Typ_B_VIII\" target=\"_blank\" rel=\"noopener noreferrer\">Krausse B VIII v. \u010d. 6134<\/a>, kter\u00fd zapo\u010dal svoji kari\u00e9ru na trati Slan\u00fd &#8211; Sme\u010dno &#8211; Ka\u010dice (odtud je historick\u00e1 fotografie), a ukon\u010dil v Us\u0165\u00a0 \u010corn\u00e9 na Ukrajin\u011b, jsem byl veden vylo\u017een\u011b osobn\u00edmi pohnutkami. Jednak byla tato dr\u00e1\u017eka sou\u010d\u00e1st\u00ed t\u00e9m\u011b\u0159 m\u00e9ho rodi\u0161t\u011b, a v neposledn\u00ed \u0159ad\u011b se jedn\u00e1 o stroj m\u00e9mu srdci velmi bl\u00edzk\u00fd. Bohu\u017eel, pod\u00edlet se na renovaci t\u00e9to \u0159ady, se mi ji\u017e nikdy nepo\u0161t\u011bst\u00ed&#8230;<\/em><\/p>\n","protected":false},"excerpt":{"rendered":"<p>V\u00edt\u00e1m v\u00e1s ve sv\u00e9m osobn\u00edm webu, kde v\u00e1m chci poodkr\u00fdt v\u011bci, kter\u00e9 m\u011b bav\u00ed, l\u00edb\u00ed se mi a napl\u0148uj\u00ed m\u011b. Z toho je asi patrn\u00e9, \u017ee hlavn\u00ed n\u00e1pln\u00ed str\u00e1nek budou m\u00e9 z\u00e1jmy a aktivity, kter\u00fdm se sna\u017e\u00edm, pokud to \u010das &#8230; <a class=\"more-link\" href=\"https:\/\/konvalinka.org\/\">\u010c\u00edst v\u00edce &raquo;<\/a><\/p>\n","protected":false},"author":1,"featured_media":0,"parent":0,"menu_order":0,"comment_status":"closed","ping_status":"open","template":"","meta":{"footnotes":""},"class_list":["post-2","page","type-page","status-publish","hentry"],"_links":{"self":[{"href":"https:\/\/konvalinka.org\/index.php?rest_route=\/wp\/v2\/pages\/2","targetHints":{"allow":["GET"]}}],"collection":[{"href":"https:\/\/konvalinka.org\/index.php?rest_route=\/wp\/v2\/pages"}],"about":[{"href":"https:\/\/konvalinka.org\/index.php?rest_route=\/wp\/v2\/types\/page"}],"author":[{"embeddable":true,"href":"https:\/\/konvalinka.org\/index.php?rest_route=\/wp\/v2\/users\/1"}],"replies":[{"embeddable":true,"href":"https:\/\/konvalinka.org\/index.php?rest_route=%2Fwp%2Fv2%2Fcomments&post=2"}],"version-history":[{"count":9,"href":"https:\/\/konvalinka.org\/index.php?rest_route=\/wp\/v2\/pages\/2\/revisions"}],"predecessor-version":[{"id":536,"href":"https:\/\/konvalinka.org\/index.php?rest_route=\/wp\/v2\/pages\/2\/revisions\/536"}],"wp:attachment":[{"href":"https:\/\/konvalinka.org\/index.php?rest_route=%2Fwp%2Fv2%2Fmedia&parent=2"}],"curies":[{"name":"wp","href":"https:\/\/api.w.org\/{rel}","templated":true}]}}